{"id":13394,"date":"2017-09-07T13:13:07","date_gmt":"2017-09-07T11:13:07","guid":{"rendered":"https:\/\/dev.mindfultravelbysara.com\/?page_id=13394\/"},"modified":"2023-08-08T22:02:52","modified_gmt":"2023-08-08T20:02:52","slug":"home","status":"publish","type":"page","link":"https:\/\/dev.mindfultravelbysara.com\/en\/","title":{"rendered":"Home"},"content":{"rendered":"<?xml encoding=\"UTF-8\">\n","protected":false},"excerpt":{"rendered":"","protected":false},"author":1,"featured_media":0,"parent":0,"menu_order":0,"comment_status":"closed","ping_status":"closed","template":"wp-custom-template-p-gina-sin-espacio-superior","meta":{"MSN_Categories":"Uncategorized","MSN_Publish_Option":false,"MSN_Is_Local_News":false,"MSN_Is_AIAC_Included":"Empty","MSN_Location":"[]","MSN_Add_Feature_Img_On_Top_Of_Post":false,"MSN_Has_Custom_Author":false,"MSN_Custom_Author":"","MSN_Has_Custom_Canonical_Url":false,"MSN_Custom_Canonical_Url":"","footnotes":""},"cat-shorts":[],"class_list":["post-13394","page","type-page","status-publish","hentry"],"yoast_head":"<!-- This site is optimized with the Yoast SEO plugin v25.8 - https:\/\/yoast.com\/wordpress\/plugins\/seo\/ -->\n<title>Mindful Travel | Best Travel Blog, Travel Guides &amp; Travel Tips<\/title>\n<meta name=\"description\" content=\"Best Travel Blog featuring useful travel tips, destinations and inspiration to help you plan your next trip and create unforgettable memories.\" \/>\n<meta name=\"robots\" content=\"noindex, follow, max-snippet:-1, max-image-preview:large, max-video-preview:-1\" \/>\n<meta property=\"og:locale\" content=\"en_US\" \/>\n<meta property=\"og:type\" content=\"article\" \/>\n<meta property=\"og:title\" content=\"Mindful Travel | Best Travel Blog, Travel Guides &amp; Travel Tips\" \/>\n<meta property=\"og:description\" content=\"Best Travel Blog featuring useful travel tips, destinations and inspiration to help you plan your next trip and create unforgettable memories.\" \/>\n<meta property=\"og:url\" content=\"https:\/\/dev.mindfultravelbysara.com\/en\/home\/\" \/>\n<meta property=\"og:site_name\" content=\"Mindful Travel by Sara\" \/>\n<meta property=\"article:publisher\" content=\"https:\/\/www.facebook.com\/mindfultravel0bysara\" \/>\n<meta property=\"article:modified_time\" content=\"2023-08-08T20:02:52+00:00\" \/>\n<meta property=\"og:image\" content=\"https:\/\/dev.mindfultravelbysara.com\/wp-content\/uploads\/2019\/08\/Sara-Rodriguez-mindfultravelbysara.jpg\" \/>\n\t<meta property=\"og:image:width\" content=\"952\" \/>\n\t<meta property=\"og:image:height\" content=\"497\" \/>\n\t<meta property=\"og:image:type\" content=\"image\/jpeg\" \/>\n<meta name=\"twitter:card\" content=\"summary_large_image\" \/>\n<meta name=\"twitter:site\" content=\"@MindfulTravel_\" \/>\n<!-- \/ Yoast SEO plugin. -->","yoast_head_json":{"title":"Mindful Travel | Best Travel Blog, Travel Guides & Travel Tips","description":"Best Travel Blog featuring useful travel tips, destinations and inspiration to help you plan your next trip and create unforgettable memories.","robots":{"index":"noindex","follow":"follow","max-snippet":"max-snippet:-1","max-image-preview":"max-image-preview:large","max-video-preview":"max-video-preview:-1"},"og_locale":"en_US","og_type":"article","og_title":"Mindful Travel | Best Travel Blog, Travel Guides & Travel Tips","og_description":"Best Travel Blog featuring useful travel tips, destinations and inspiration to help you plan your next trip and create unforgettable memories.","og_url":"https:\/\/dev.mindfultravelbysara.com\/en\/home\/","og_site_name":"Mindful Travel by Sara","article_publisher":"https:\/\/www.facebook.com\/mindfultravel0bysara","article_modified_time":"2023-08-08T20:02:52+00:00","og_image":[{"width":952,"height":497,"url":"https:\/\/dev.mindfultravelbysara.com\/wp-content\/uploads\/2019\/08\/Sara-Rodriguez-mindfultravelbysara.jpg","type":"image\/jpeg"}],"twitter_card":"summary_large_image","twitter_site":"@MindfulTravel_","schema":{"@context":"https:\/\/schema.org","@graph":[{"@type":"WebPage","@id":"https:\/\/dev.mindfultravelbysara.com\/en\/home\/","url":"https:\/\/dev.mindfultravelbysara.com\/en\/home\/","name":"Mindful Travel | Best Travel Blog, Travel Guides & Travel Tips","isPartOf":{"@id":"https:\/\/dev.mindfultravelbysara.com\/#website"},"datePublished":"2017-09-07T11:13:07+00:00","dateModified":"2023-08-08T20:02:52+00:00","description":"Best Travel Blog featuring useful travel tips, destinations and inspiration to help you plan your next trip and create unforgettable memories.","breadcrumb":{"@id":"https:\/\/dev.mindfultravelbysara.com\/en\/home\/#breadcrumb"},"inLanguage":"en-US","potentialAction":[{"@type":"ReadAction","target":["https:\/\/dev.mindfultravelbysara.com\/en\/home\/"]}]},{"@type":"BreadcrumbList","@id":"https:\/\/dev.mindfultravelbysara.com\/en\/home\/#breadcrumb","itemListElement":[{"@type":"ListItem","position":1,"name":"Home","item":"https:\/\/dev.mindfultravelbysara.com\/en\/home\/"},{"@type":"ListItem","position":2,"name":"Home"}]},{"@type":"WebSite","@id":"https:\/\/dev.mindfultravelbysara.com\/#website","url":"https:\/\/dev.mindfultravelbysara.com\/","name":"Mindful Travel by Sara","description":"Best travel blog offering inspiration, itineraries, tips, experiences and information regarding destinations around the world.","publisher":{"@id":"https:\/\/dev.mindfultravelbysara.com\/#\/schema\/person\/d138a778e39e980ae083ddac7b4cf278"},"alternateName":"Minful Travel","potentialAction":[{"@type":"SearchAction","target":{"@type":"EntryPoint","urlTemplate":"https:\/\/dev.mindfultravelbysara.com\/?s={search_term_string}"},"query-input":{"@type":"PropertyValueSpecification","valueRequired":true,"valueName":"search_term_string"}}],"inLanguage":"en-US"},{"@type":["Person","Organization"],"@id":"https:\/\/dev.mindfultravelbysara.com\/#\/schema\/person\/d138a778e39e980ae083ddac7b4cf278","name":"Sara Rodriguez","image":{"@type":"ImageObject","inLanguage":"en-US","@id":"https:\/\/dev.mindfultravelbysara.com\/#\/schema\/person\/image\/","url":"https:\/\/dev.mindfultravelbysara.com\/wp-content\/uploads\/2020\/07\/Sara-About-Me.jpg","contentUrl":"https:\/\/dev.mindfultravelbysara.com\/wp-content\/uploads\/2020\/07\/Sara-About-Me.jpg","width":700,"height":699,"caption":"Sara Rodriguez"},"logo":{"@id":"https:\/\/dev.mindfultravelbysara.com\/#\/schema\/person\/image\/"},"description":"Soy Sara, emprendedora, blogger de viajes profesional, y viajera apasionada con una \u00fanica misi\u00f3n: ayudarte a viajar m\u00e1s, disfrutando al m\u00e1ximo de cada momento. En mi blog de viajes encontrar\u00e1s todo lo que necesitas para inspirarte y organizar tu pr\u00f3xima aventura desde cero. Informaci\u00f3n pr\u00e1ctica, gu\u00edas de viaje, consejos, y todas las herramientas que necesitas para que tu pr\u00f3ximo viaje sea inolvidable.","sameAs":["https:\/\/dev.mindfultravelbysara.com","https:\/\/www.facebook.com\/mindfultravel0bysara","https:\/\/www.instagram.com\/mindfultravel\/","https:\/\/www.linkedin.com\/in\/sara-rodriguez-bravo\/","https:\/\/www.pinterest.es\/mindfultravel_\/","https:\/\/x.com\/MindfulTravel_","https:\/\/www.youtube.com\/c\/SaraRodriguezTravel"]}]}},"_links":{"self":[{"href":"https:\/\/dev.mindfultravelbysara.com\/en\/wp-json\/wp\/v2\/pages\/13394","targetHints":{"allow":["GET"]}}],"collection":[{"href":"https:\/\/dev.mindfultravelbysara.com\/en\/wp-json\/wp\/v2\/pages"}],"about":[{"href":"https:\/\/dev.mindfultravelbysara.com\/en\/wp-json\/wp\/v2\/types\/page"}],"author":[{"embeddable":true,"href":"https:\/\/dev.mindfultravelbysara.com\/en\/wp-json\/wp\/v2\/users\/1"}],"replies":[{"embeddable":true,"href":"https:\/\/dev.mindfultravelbysara.com\/en\/wp-json\/wp\/v2\/comments?post=13394"}],"version-history":[{"count":0,"href":"https:\/\/dev.mindfultravelbysara.com\/en\/wp-json\/wp\/v2\/pages\/13394\/revisions"}],"wp:attachment":[{"href":"https:\/\/dev.mindfultravelbysara.com\/en\/wp-json\/wp\/v2\/media?parent=13394"}],"wp:term":[{"taxonomy":"cat-shorts","embeddable":true,"href":"https:\/\/dev.mindfultravelbysara.com\/en\/wp-json\/wp\/v2\/cat-shorts?post=13394"}],"curies":[{"name":"wp","href":"https:\/\/api.w.org\/{rel}","templated":true}]}}