{"id":13399,"date":"2017-09-07T13:17:55","date_gmt":"2017-09-07T11:17:55","guid":{"rendered":"https:\/\/sara.yourtestingweb.com\/?page_id=13399\/"},"modified":"2025-04-03T11:02:24","modified_gmt":"2025-04-03T09:02:24","slug":"about","status":"publish","type":"page","link":"https:\/\/dev.mindfultravelbysara.com\/en\/about\/","title":{"rendered":"About me"},"content":{"rendered":"<?xml encoding=\"UTF-8\"><h2 style=\"text-align: center;\">&iexcl;Hi! I&rsquo;m&nbsp;Sara, incessant&nbsp;traveler, entrepreneur and author of the travel blog Mindful Travel.<\/h2><p style=\"text-align: justify;\"><strong>Travel blogger and lover of nature and adventure<\/strong>, I&nbsp;started her blog <a href=\"https:\/\/dev.mindfultravelbysara.com\/en\">Mindful Travel<\/a> to share my&nbsp;passion for discovering new cultures and experiences and help other travelers who want to explore the world.<\/p><p><img decoding=\"async\" loading=\"lazy\" src=\"https:\/\/dev.mindfultravelbysara.com\/wp-content\/uploads\/2017\/09\/Sara4-1920x550.jpg\" alt=\"\" width=\"1920\" height=\"550\"><\/p><p style=\"text-align: justify;\">I&rsquo;m&nbsp;a <strong>passionate entrepreneur who always finds its way to be happy through my&nbsp;projects<\/strong>,&nbsp;sharing my&nbsp;travel inspiration on <a href=\"https:\/\/instagram.com\/mindfultravel\/\" target=\"_blank\" rel=\"nofollow noopener\" aria-label=\"Visitar p&aacute;gina de Instagram\">Instagram<\/a> and giving advice about how to travel with pets, as I&nbsp;do with my&nbsp;cute dachshund Kiba.<\/p><p style=\"text-align: justify;\"><strong>My&nbsp;motto<\/strong>: &ldquo;When traveling, open your mind and your heart so you will learn with all your senses. Do not judge, experiment and enjoy every moment of the journey.&rdquo;<\/p><h2 style=\"text-align: center;\">How was my passion for traveling born?<\/h2><p style=\"text-align: justify;\">When I turned 6 my parents bought a caravan with which we traveled through Spain and <a href=\"https:\/\/dev.mindfultravelbysara.com\/en\/category\/europe\/\">Europe<\/a> until I turned 13.<\/p><p style=\"text-align: justify;\"><strong>I have always felt the desire to travel and explore new places<\/strong>. The holidays were unique, full of laughter and good times; and I endured a lot of walking all day and also convinced my parents to enter in all the churches and monuments of each city. <strong>I wanted to see everything!<\/strong><\/p><p style=\"text-align: justify;\">And at 18 came two incredible trips: Interrail touring <a href=\"https:\/\/dev.mindfultravelbysara.com\/en\/category\/europe\/italy\/\">Italy<\/a> for a month and discovering Tunisia. An incredible few months where I learned to take the chestnuts out of the fire and also to know a culture very different from mine.<\/p><p style=\"text-align: justify;\"><img decoding=\"async\" loading=\"lazy\" alt=\"Tunez Familia1\" class=\"aligncenter\" src=\"https:\/\/dev.mindfultravelbysara.com\/wp-content\/uploads\/2013\/01\/Tunez-Familia1.jpg\" width=\"700\" height=\"435\"><\/p><h2 style=\"text-align: center;\"><\/h2><h2 style=\"text-align: center;\">Responsible Traveler<\/h2><p style=\"text-align: justify;\"><strong>In 2003 a trip to Ecuador changed my life<\/strong>. I spent a month in the neighborhood of Guayaquil, actively collaborating with an NGO and <strong>helping in the education and training of women and children<\/strong>.<\/p><p><img decoding=\"async\" loading=\"lazy\" alt=\"Voluntariado Ecuador\" class=\"aligncenter\" src=\"https:\/\/dev.mindfultravelbysara.com\/wp-content\/uploads\/2013\/01\/Voluntariado-Ecuador.jpg\" width=\"700\" height=\"438\"><\/p><p style=\"text-align: justify;\">I think what I learned in that month has guided my life since then and left so much impact on me as&nbsp;my foundations as a person and a human being changed forever.<\/p><p style=\"text-align: justify;\"><strong>Traveling responsibly, trying to benefit local communities and being respectful of the environment and cultures<\/strong> of each country, is something I always keep in mind when planning a trip. It may not always be possible, but every grain of sand counts, and among all, it can be achieved.<\/p><h2 style=\"text-align: center;\">Living in another country makes you grow<\/h2><p style=\"text-align: justify;\">When I finished college, <strong>I lived in&nbsp;Oxford for six months.<\/strong>&nbsp;Thanks to that experience, I learned to be independent and responsible, as well as learned&nbsp;English, which is now basic in my life.<\/p><blockquote class=\"instagram-media\" style=\"background: #FFF; border: 0; border-radius: 3px; box-shadow: 0 0 1px 0 rgba(0,0,0,0.5),0 1px 10px 0 rgba(0,0,0,0.15); margin: 1px; max-width: 658px; padding: 0; width: calc(100% - 2px);\" data-instgrm-version=\"7\">\n<div style=\"padding: 8px;\">\n<div style=\"background: #F8F8F8; line-height: 0; margin-top: 40px; padding: 50.0% 0; text-align: center; width: 100%;\"><\/div>\n<p style=\"color: #c9c8cd; font-family: Arial,sans-serif; font-size: 14px; line-height: 17px; margin-bottom: 0; margin-top: 8px; overflow: hidden; padding: 8px 0 7px; text-align: center; text-overflow: ellipsis; white-space: nowrap;\"><a style=\"color: #c9c8cd; font-family: Arial,sans-serif; font-size: 14px; font-style: normal; font-weight: normal; line-height: 17px; text-decoration: none;\" href=\"https:\/\/www.instagram.com\/p\/BRB6ZeZli94\/\" target=\"_blank\" rel=\"noopener noreferrer\" aria-label=\"Visitar p&aacute;gina de Instagram\">Una publicaci&oacute;n compartida de Sara Rodriguez ? MindfulTravel (@mindfultravel)<\/a> el <time style=\"font-family: Arial,sans-serif; font-size: 14px; line-height: 17px;\" datetime=\"2017-02-27T21:19:29+00:00\">27 de Feb de 2017 a la(s) 1:19 PST<\/time><\/p>\n<\/div>\n<\/blockquote><p><script async=\"\" defer src=\"\/\/platform.instagram.com\/en_US\/embeds.js\"><\/script><\/p><h2 style=\"text-align: center;\"><\/h2><h2 style=\"text-align: center;\">Discovering other cultures while working<\/h2><p style=\"text-align: justify;\">For 6 years, thanks to my previous work as an auditor, <strong>I was able to travel half the world<\/strong> and immerse myself in the daily life of cultures very different from mine.<\/p><p style=\"text-align: justify;\">I have absorbed like a sponge everything from&nbsp;countries like Mexico, <a href=\"https:\/\/dev.mindfultravelbysara.com\/en\/category\/north-america\/argentina-travel\/\">Argentina<\/a>, <a href=\"https:\/\/dev.mindfultravelbysara.com\/en\/category\/north-america\/united-states\/\">United States<\/a> and Brazil have taught me, both professional&nbsp;and personally. And to go into the differences of each country in a very close way.<\/p><h2 style=\"text-align: center;\">Never stop dreaming<\/h2><p style=\"text-align: justify;\">Undoubtedly, <strong>the journey continues<\/strong>, and as we all know, <strong>what is important is not destiny, but the path&nbsp;that leads to it<\/strong>.<\/p><h4 style=\"text-align: justify;\"><strong>Enjoy every day of the trip and always ask yourself: What will be the next destination?<\/strong><\/h4><h2 style=\"text-align: center;\">10&nbsp;Things you don&rsquo;t know about me<\/h2><ul style=\"text-align: justify;\">\n<li style=\"text-align: justify;\">I was born in Madrid, on May 18, 1983; and as a good Taurus, I am very stubborn!<\/li>\n<li style=\"text-align: justify;\">&iquest;My favorite country so far?&nbsp;Brasil.<\/li>\n<li style=\"text-align: justify;\">&iquest;My dream trip? India ?<\/li>\n<li style=\"text-align: justify;\">I love animals so much, I wanted to be a veterinarian when I was a child. And of course, my dog Kiba, has become essential in my life, and is a great traveler&nbsp;too! Even he has his own <a href=\"https:\/\/www.instagram.com\/kibatravelingdachshund\/\" target=\"_blank\" rel=\"nofollow noopener noreferrer\" aria-label=\"Visitar p&aacute;gina de Instagram\">Instagram account<\/a>.<\/li>\n<\/ul><blockquote class=\"instagram-media\" style=\"background: #FFF; border: 0; border-radius: 3px; box-shadow: 0 0 1px 0 rgba(0,0,0,0.5),0 1px 10px 0 rgba(0,0,0,0.15); margin: 1px; max-width: 658px; padding: 0; width: calc(100% - 2px);\" data-instgrm-version=\"7\">\n<div style=\"padding: 8px;\">\n<div style=\"background: #F8F8F8; line-height: 0; margin-top: 40px; padding: 50.0% 0; text-align: center; width: 100%;\"><\/div>\n<p style=\"color: #c9c8cd; font-family: Arial,sans-serif; font-size: 14px; line-height: 17px; margin-bottom: 0; margin-top: 8px; overflow: hidden; padding: 8px 0 7px; text-align: center; text-overflow: ellipsis; white-space: nowrap;\"><a style=\"color: #c9c8cd; font-family: Arial,sans-serif; font-size: 14px; font-style: normal; font-weight: normal; line-height: 17px; text-decoration: none;\" href=\"https:\/\/www.instagram.com\/p\/BTmLD6nBQqt\/\" target=\"_blank\" rel=\"noopener noreferrer\" aria-label=\"Visitar p&aacute;gina de Instagram\">Una publicaci&oacute;n compartida de Kiba Traveling Dog ? (@kibatravelingdachshund)<\/a> el <time style=\"font-family: Arial,sans-serif; font-size: 14px; line-height: 17px;\" datetime=\"2017-05-02T16:20:32+00:00\">2 de May de 2017 a la(s) 9:20 PDT<\/time><\/p>\n<\/div>\n<\/blockquote><p><script async=\"\" defer src=\"\/\/platform.instagram.com\/en_US\/embeds.js\"><\/script><\/p><ul style=\"text-align: justify;\">\n<li style=\"list-style-type: none;\">\n<ul style=\"text-align: justify;\">\n<li style=\"text-align: justify;\"><strong>I love sweet.<\/strong> Especially chocolate; and a secret&hellip; I&rsquo;m addicted to Nocilla!<\/li>\n<li style=\"text-align: justify;\"><strong>I am a very organized person<\/strong>, I love to do lists and checklist so I&nbsp;don&rsquo;t&nbsp;forget all that I have in my head. At home, I am quite untidy!<\/li>\n<li style=\"text-align: justify;\"><strong>To relax after a stressful day of work<\/strong>, I turn on&nbsp;music and I dance and sing non-stop. Music calms the beast!<\/li>\n<li style=\"text-align: justify;\"><strong>I love watching photos<\/strong>. I&rsquo;m sure you have met the typical person who loves to show his photos; that&rsquo;s me. And what happens when a friend arrives from&nbsp;a trip and wants to show their photos? I the only one enjoying watching them for hours!<\/li>\n<li style=\"text-align: justify;\"><strong>A secret confession?<\/strong>&nbsp;I love food of the planes!<\/li>\n<li style=\"text-align: justify;\">A tip I follow whenever I can: <strong>Enjoy life to the fullest, don&rsquo;t&nbsp;be conformist and don&rsquo;t&nbsp;get old thinking what you could have done and didn&rsquo;t&nbsp;do for fear.<\/strong><\/li>\n<\/ul>\n<\/li>\n<\/ul>\n","protected":false},"excerpt":{"rendered":"","protected":false},"author":1,"featured_media":19620,"parent":0,"menu_order":0,"comment_status":"open","ping_status":"closed","template":"","meta":{"MSN_Categories":"Uncategorized","MSN_Publish_Option":false,"MSN_Is_Local_News":false,"MSN_Is_AIAC_Included":"Empty","MSN_Location":"[]","MSN_Add_Feature_Img_On_Top_Of_Post":false,"MSN_Has_Custom_Author":false,"MSN_Custom_Author":"","MSN_Has_Custom_Canonical_Url":false,"MSN_Custom_Canonical_Url":"","footnotes":""},"cat-shorts":[],"class_list":["post-13399","page","type-page","status-publish","has-post-thumbnail","hentry"],"yoast_head":"<!-- This site is optimized with the Yoast SEO plugin v25.8 - https:\/\/yoast.com\/wordpress\/plugins\/seo\/ -->\n<title>About me<\/title>\n<meta name=\"description\" content=\"\u00a1Hi! I&#039;m Sara, incessant traveler, entrepreneur and author of the travel blog Mindful Travel. Travel blogger and lover of nature and adventure.\" \/>\n<meta name=\"robots\" content=\"noindex, follow, max-snippet:-1, max-image-preview:large, max-video-preview:-1\" \/>\n<meta property=\"og:locale\" content=\"en_US\" \/>\n<meta property=\"og:type\" content=\"article\" \/>\n<meta property=\"og:title\" content=\"About me\" \/>\n<meta property=\"og:description\" content=\"\u00a1Hi! I&#039;m Sara, incessant traveler, entrepreneur and author of the travel blog Mindful Travel. Travel blogger and lover of nature and adventure.\" \/>\n<meta property=\"og:url\" content=\"https:\/\/dev.mindfultravelbysara.com\/en\/about\/\" \/>\n<meta property=\"og:site_name\" content=\"Mindful Travel by Sara\" \/>\n<meta property=\"article:publisher\" content=\"https:\/\/www.facebook.com\/mindfultravel0bysara\" \/>\n<meta property=\"article:modified_time\" content=\"2025-04-03T09:02:24+00:00\" \/>\n<meta property=\"og:image\" content=\"https:\/\/dev.mindfultravelbysara.com\/wp-content\/uploads\/2013\/10\/sobremi.jpg\" \/>\n\t<meta property=\"og:image:width\" content=\"1014\" \/>\n\t<meta property=\"og:image:height\" content=\"572\" \/>\n\t<meta property=\"og:image:type\" content=\"image\/jpeg\" \/>\n<meta name=\"twitter:card\" content=\"summary_large_image\" \/>\n<meta name=\"twitter:site\" content=\"@MindfulTravel_\" \/>\n<meta name=\"twitter:label1\" content=\"Est. reading time\" \/>\n\t<meta name=\"twitter:data1\" content=\"5 minutes\" \/>\n<!-- \/ Yoast SEO plugin. -->","yoast_head_json":{"title":"About me","description":"\u00a1Hi! I'm Sara, incessant traveler, entrepreneur and author of the travel blog Mindful Travel. Travel blogger and lover of nature and adventure.","robots":{"index":"noindex","follow":"follow","max-snippet":"max-snippet:-1","max-image-preview":"max-image-preview:large","max-video-preview":"max-video-preview:-1"},"og_locale":"en_US","og_type":"article","og_title":"About me","og_description":"\u00a1Hi! I'm Sara, incessant traveler, entrepreneur and author of the travel blog Mindful Travel. Travel blogger and lover of nature and adventure.","og_url":"https:\/\/dev.mindfultravelbysara.com\/en\/about\/","og_site_name":"Mindful Travel by Sara","article_publisher":"https:\/\/www.facebook.com\/mindfultravel0bysara","article_modified_time":"2025-04-03T09:02:24+00:00","og_image":[{"width":1014,"height":572,"url":"https:\/\/dev.mindfultravelbysara.com\/wp-content\/uploads\/2013\/10\/sobremi.jpg","type":"image\/jpeg"}],"twitter_card":"summary_large_image","twitter_site":"@MindfulTravel_","twitter_misc":{"Est. reading time":"5 minutes"},"schema":{"@context":"https:\/\/schema.org","@graph":[{"@type":"WebPage","@id":"https:\/\/dev.mindfultravelbysara.com\/en\/about\/","url":"https:\/\/dev.mindfultravelbysara.com\/en\/about\/","name":"About me","isPartOf":{"@id":"https:\/\/dev.mindfultravelbysara.com\/#website"},"primaryImageOfPage":{"@id":"https:\/\/dev.mindfultravelbysara.com\/en\/about\/#primaryimage"},"image":{"@id":"https:\/\/dev.mindfultravelbysara.com\/en\/about\/#primaryimage"},"thumbnailUrl":"https:\/\/dev.mindfultravelbysara.com\/wp-content\/uploads\/2013\/10\/sobremi.jpg","datePublished":"2017-09-07T11:17:55+00:00","dateModified":"2025-04-03T09:02:24+00:00","description":"\u00a1Hi! I'm Sara, incessant traveler, entrepreneur and author of the travel blog Mindful Travel. Travel blogger and lover of nature and adventure.","breadcrumb":{"@id":"https:\/\/dev.mindfultravelbysara.com\/en\/about\/#breadcrumb"},"inLanguage":"en-US","potentialAction":[{"@type":"ReadAction","target":["https:\/\/dev.mindfultravelbysara.com\/en\/about\/"]}]},{"@type":"ImageObject","inLanguage":"en-US","@id":"https:\/\/dev.mindfultravelbysara.com\/en\/about\/#primaryimage","url":"https:\/\/dev.mindfultravelbysara.com\/wp-content\/uploads\/2013\/10\/sobremi.jpg","contentUrl":"https:\/\/dev.mindfultravelbysara.com\/wp-content\/uploads\/2013\/10\/sobremi.jpg","width":1014,"height":572,"caption":"Sobre mi - Sara Rodriguez"},{"@type":"BreadcrumbList","@id":"https:\/\/dev.mindfultravelbysara.com\/en\/about\/#breadcrumb","itemListElement":[{"@type":"ListItem","position":1,"name":"Home","item":"https:\/\/dev.mindfultravelbysara.com\/en\/home\/"},{"@type":"ListItem","position":2,"name":"About me"}]},{"@type":"WebSite","@id":"https:\/\/dev.mindfultravelbysara.com\/#website","url":"https:\/\/dev.mindfultravelbysara.com\/","name":"Mindful Travel by Sara","description":"Best travel blog offering inspiration, itineraries, tips, experiences and information regarding destinations around the world.","publisher":{"@id":"https:\/\/dev.mindfultravelbysara.com\/#\/schema\/person\/d138a778e39e980ae083ddac7b4cf278"},"alternateName":"Minful Travel","potentialAction":[{"@type":"SearchAction","target":{"@type":"EntryPoint","urlTemplate":"https:\/\/dev.mindfultravelbysara.com\/?s={search_term_string}"},"query-input":{"@type":"PropertyValueSpecification","valueRequired":true,"valueName":"search_term_string"}}],"inLanguage":"en-US"},{"@type":["Person","Organization"],"@id":"https:\/\/dev.mindfultravelbysara.com\/#\/schema\/person\/d138a778e39e980ae083ddac7b4cf278","name":"Sara Rodriguez","image":{"@type":"ImageObject","inLanguage":"en-US","@id":"https:\/\/dev.mindfultravelbysara.com\/#\/schema\/person\/image\/","url":"https:\/\/dev.mindfultravelbysara.com\/wp-content\/uploads\/2020\/07\/Sara-About-Me.jpg","contentUrl":"https:\/\/dev.mindfultravelbysara.com\/wp-content\/uploads\/2020\/07\/Sara-About-Me.jpg","width":700,"height":699,"caption":"Sara Rodriguez"},"logo":{"@id":"https:\/\/dev.mindfultravelbysara.com\/#\/schema\/person\/image\/"},"description":"Soy Sara, emprendedora, blogger de viajes profesional, y viajera apasionada con una \u00fanica misi\u00f3n: ayudarte a viajar m\u00e1s, disfrutando al m\u00e1ximo de cada momento. En mi blog de viajes encontrar\u00e1s todo lo que necesitas para inspirarte y organizar tu pr\u00f3xima aventura desde cero. Informaci\u00f3n pr\u00e1ctica, gu\u00edas de viaje, consejos, y todas las herramientas que necesitas para que tu pr\u00f3ximo viaje sea inolvidable.","sameAs":["https:\/\/dev.mindfultravelbysara.com","https:\/\/www.facebook.com\/mindfultravel0bysara","https:\/\/www.instagram.com\/mindfultravel\/","https:\/\/www.linkedin.com\/in\/sara-rodriguez-bravo\/","https:\/\/www.pinterest.es\/mindfultravel_\/","https:\/\/x.com\/MindfulTravel_","https:\/\/www.youtube.com\/c\/SaraRodriguezTravel"]}]}},"_links":{"self":[{"href":"https:\/\/dev.mindfultravelbysara.com\/en\/wp-json\/wp\/v2\/pages\/13399","targetHints":{"allow":["GET"]}}],"collection":[{"href":"https:\/\/dev.mindfultravelbysara.com\/en\/wp-json\/wp\/v2\/pages"}],"about":[{"href":"https:\/\/dev.mindfultravelbysara.com\/en\/wp-json\/wp\/v2\/types\/page"}],"author":[{"embeddable":true,"href":"https:\/\/dev.mindfultravelbysara.com\/en\/wp-json\/wp\/v2\/users\/1"}],"replies":[{"embeddable":true,"href":"https:\/\/dev.mindfultravelbysara.com\/en\/wp-json\/wp\/v2\/comments?post=13399"}],"version-history":[{"count":1,"href":"https:\/\/dev.mindfultravelbysara.com\/en\/wp-json\/wp\/v2\/pages\/13399\/revisions"}],"predecessor-version":[{"id":40750,"href":"https:\/\/dev.mindfultravelbysara.com\/en\/wp-json\/wp\/v2\/pages\/13399\/revisions\/40750"}],"wp:featuredmedia":[{"embeddable":true,"href":"https:\/\/dev.mindfultravelbysara.com\/en\/wp-json\/wp\/v2\/media\/19620"}],"wp:attachment":[{"href":"https:\/\/dev.mindfultravelbysara.com\/en\/wp-json\/wp\/v2\/media?parent=13399"}],"wp:term":[{"taxonomy":"cat-shorts","embeddable":true,"href":"https:\/\/dev.mindfultravelbysara.com\/en\/wp-json\/wp\/v2\/cat-shorts?post=13399"}],"curies":[{"name":"wp","href":"https:\/\/api.w.org\/{rel}","templated":true}]}}