{"id":6607,"date":"2013-10-30T08:26:05","date_gmt":"2013-10-30T08:26:05","guid":{"rendered":"https:\/\/dev.mindfultravelbysara.com\/advetisers-pr-en"},"modified":"2023-05-23T18:22:18","modified_gmt":"2023-05-23T16:22:18","slug":"advetisers-pr","status":"publish","type":"page","link":"https:\/\/dev.mindfultravelbysara.com\/en\/advetisers-pr\/","title":{"rendered":"Advetisers &#038; PR"},"content":{"rendered":"<?xml encoding=\"UTF-8\"><p style=\"text-align: justify;\">My aim is transmitting my passion for traveling, inspire other people and help them to plan their trips and fulfill their dreams.<\/p><p style=\"text-align: justify;\">I can partner with you and help promote sights and destinations that wouldn&rsquo;t ordinarily be on every traveler&rsquo;s radar.<\/p><ul>\n<li style=\"text-align: justify;\">I offer a variety of services to meet the specific needs of my clients.<\/li>\n<\/ul><ul>\n<li style=\"text-align: justify;\">My writing appears in Viator, where I am regular contributor focusing on cultural and travel experiences around Madrid and the well known women site EnFemenino.<\/li>\n<\/ul><ul>\n<li style=\"text-align: justify;\">I wrote Guest Post for International Blogs and Magazines such as Wild Junket Magazine, Global Grasshopper and Go Backpacking.<\/li>\n<\/ul><ul>\n<li>I&rsquo;m fluent in Spanish (my mother language) and English, and I can make myself understood in Portuguese.<\/li>\n<\/ul><ul>\n<li>I&rsquo;m one of the 16 winners of 1rst edition of The Big Blog Exchange, World&rsquo;s Largest Blog Contest in history.<\/li>\n<\/ul><ul style=\"text-align: justify;\">\n<li>I&rsquo;ve been features as Must Read Travel Blogs at &ldquo;Girl Gone International&rdquo; online Magazine.<\/li>\n<\/ul><h2 style=\"text-align: justify;\">How can we Work Together<\/h2><p style=\"text-align: justify;\">Mindful <a href=\"https:\/\/dev.mindfultravelbysara.com\/en\/blog\/\" target=\"_blank\" rel=\"noopener\">Travel is dynamic and fast growing travel blog<\/a> targeted to First-hand unique experiences, Advice, Photography, Sustainable and Adventure Travel.<\/p><ul>\n<li>Reviews and posts about my experiences visiting a destination and highlight the attractions<\/li>\n<\/ul><ul>\n<li>Produce photo essays to promote a destination<\/li>\n<\/ul><ul>\n<li>Press Trips<\/li>\n<\/ul><ul>\n<li>Provide social media coverage via Facebook, Twitter, Instagram, Pinterest and Google +<\/li>\n<\/ul><ul>\n<li>Sponsor Posts &amp; Banners on different sizes and places<\/li>\n<\/ul><p style=\"text-align: justify;\">To further discuss partnership opportunities, please <a href=\"https:\/\/dev.mindfultravelbysara.com\/en\/contact\/\" target=\"_blank\" rel=\"noopener\">contact<\/a> me at <strong>mindfultravel @ gmail.com<\/strong><\/p><h2 style=\"text-align: justify;\">Press Trips &amp; Collaborations<\/h2><ul>\n<li style=\"text-align: justify;\">Cesenatico Blog Trip &ndash; Adriatic Coast of Italy<\/li>\n<\/ul><ul>\n<li style=\"text-align: justify;\">Big Blog Exchange &ndash;&nbsp;United States with Hostelling International<\/li>\n<\/ul><p style=\"text-align: justify; padding-left: 90px;\">World&rsquo;s Largest Blog Contest in history, has been awarded 1st place for Marketing Innovation, as part of the WYSE Travel Confederation&rsquo;s Global Youth Travel Awards.<\/p><ul>\n<li style=\"text-align: justify;\">Valencia Interior Blogtrip<\/li>\n<li style=\"text-align: justify;\">Interviews<\/li>\n<\/ul><p>Vero4travel, Dondetemetes, Los Viajes de Paco, Vero y Helia, Oh Hey Wold, Hostales Mexico<\/p><ul>\n<li>One of my essays was published on Moleskin&rsquo;s 2013 Travel Essay Book (8th Edition)<\/li>\n<\/ul><ul>\n<li style=\"text-align: justify;\">Mentions: Cadena Ser, XprimeViajes, Mujeres Viajeras, Girl Gone International&hellip;<\/li>\n<\/ul><h2 style=\"text-align: justify;\">Testimonials<\/h2><p style=\"text-align: justify;\"><em>&ldquo;Sara is &ldquo;the Blogger&rdquo;! Both in her writing style and in the way she moves when she is on a blog tour: passionate, fun, concentrated, curious enough to let you discover new things about a place. A true professional and, for me, a nice surprise during our Cesenatico Bellavita Blog tour. Someone to invite always on a blog tour!&rdquo;<\/em><\/p><p style=\"text-align: justify;\"><strong>Alessandra Catania&nbsp; (21grammy -Social Media and Digital Press Office)<\/strong><\/p><p style=\"text-align: justify;\"><em>&ldquo;<\/em><em>We are satisfied for this wonderful experience, that allowed us to see, through your eyes , unexpected and&nbsp; new aspects of Cesenatico.&rdquo;<\/em><\/p><p style=\"text-align: justify;\"><strong>Big Blog Exchange&rsquo;s <strong>Official Jury <\/strong><\/strong><\/p><p style=\"text-align: justify;\"><em>&ldquo;We were so pleased to have Sara visit our HI-USA hostel network this past summer.&nbsp; As one of 16 finalists in the Hostelling International&rsquo;s Big Blog Exchange, Sara was selected for an exchange that brought her to America for a 10 day odyssey. Arriving in Boston and then departing from Los Angeles, along the way she captured a range of experiences so poignantly through her Mindful Travel blog posts, which included a series of incredible images.&rdquo;<\/em><\/p><p style=\"text-align: justify;\"><strong>Mark Vidalin, Marketing Director HI-USA<\/strong><\/p><h3 style=\"text-align: justify;\">&ldquo;Join me in this extraordinary journey, live the life to the fullest and take the time to enjoy it! This is Mindful Travel, which encourages you to take the time to savor, to wander, to enjoy and to explore.&rdquo;<\/h3>\n","protected":false},"excerpt":{"rendered":"","protected":false},"author":1,"featured_media":3153,"parent":0,"menu_order":0,"comment_status":"open","ping_status":"open","template":"","meta":{"MSN_Categories":"Uncategorized","MSN_Publish_Option":false,"MSN_Is_Local_News":false,"MSN_Is_AIAC_Included":"Empty","MSN_Location":"[]","MSN_Add_Feature_Img_On_Top_Of_Post":false,"MSN_Has_Custom_Author":false,"MSN_Custom_Author":"","MSN_Has_Custom_Canonical_Url":false,"MSN_Custom_Canonical_Url":"","footnotes":""},"cat-shorts":[],"class_list":["post-6607","page","type-page","status-publish","has-post-thumbnail","hentry"],"yoast_head":"<!-- This site is optimized with the Yoast SEO plugin v25.8 - https:\/\/yoast.com\/wordpress\/plugins\/seo\/ -->\n<title>Advetisers &amp; PR<\/title>\n<meta name=\"description\" content=\"I can partner with you and help promote sights and destinations that wouldn\u2019t ordinarily be on every traveler&#039;s radar.\" \/>\n<meta name=\"robots\" content=\"noindex, follow\" \/>\n<meta property=\"og:locale\" content=\"en_US\" \/>\n<meta property=\"og:type\" content=\"article\" \/>\n<meta property=\"og:title\" content=\"Advetisers &amp; PR\" \/>\n<meta property=\"og:description\" content=\"I can partner with you and help promote sights and destinations that wouldn\u2019t ordinarily be on every traveler&#039;s radar.\" \/>\n<meta property=\"og:url\" content=\"https:\/\/dev.mindfultravelbysara.com\/en\/advetisers-pr\/\" \/>\n<meta property=\"og:site_name\" content=\"Mindful Travel by Sara\" \/>\n<meta property=\"article:publisher\" content=\"https:\/\/www.facebook.com\/mindfultravel0bysara\" \/>\n<meta property=\"article:modified_time\" content=\"2023-05-23T16:22:18+00:00\" \/>\n<meta property=\"og:image\" content=\"https:\/\/dev.mindfultravelbysara.com\/wp-content\/uploads\/2013\/10\/Never-Stop-Traveling.png\" \/>\n\t<meta property=\"og:image:width\" content=\"974\" \/>\n\t<meta property=\"og:image:height\" content=\"649\" \/>\n\t<meta property=\"og:image:type\" content=\"image\/png\" \/>\n<meta name=\"twitter:card\" content=\"summary_large_image\" \/>\n<meta name=\"twitter:site\" content=\"@MindfulTravel_\" \/>\n<meta name=\"twitter:label1\" content=\"Est. reading time\" \/>\n\t<meta name=\"twitter:data1\" content=\"3 minutes\" \/>\n<!-- \/ Yoast SEO plugin. -->","yoast_head_json":{"title":"Advetisers & PR","description":"I can partner with you and help promote sights and destinations that wouldn\u2019t ordinarily be on every traveler's radar.","robots":{"index":"noindex","follow":"follow"},"og_locale":"en_US","og_type":"article","og_title":"Advetisers & PR","og_description":"I can partner with you and help promote sights and destinations that wouldn\u2019t ordinarily be on every traveler's radar.","og_url":"https:\/\/dev.mindfultravelbysara.com\/en\/advetisers-pr\/","og_site_name":"Mindful Travel by Sara","article_publisher":"https:\/\/www.facebook.com\/mindfultravel0bysara","article_modified_time":"2023-05-23T16:22:18+00:00","og_image":[{"width":974,"height":649,"url":"https:\/\/dev.mindfultravelbysara.com\/wp-content\/uploads\/2013\/10\/Never-Stop-Traveling.png","type":"image\/png"}],"twitter_card":"summary_large_image","twitter_site":"@MindfulTravel_","twitter_misc":{"Est. reading time":"3 minutes"},"schema":{"@context":"https:\/\/schema.org","@graph":[{"@type":"WebPage","@id":"https:\/\/dev.mindfultravelbysara.com\/en\/advetisers-pr\/","url":"https:\/\/dev.mindfultravelbysara.com\/en\/advetisers-pr\/","name":"Advetisers & PR","isPartOf":{"@id":"https:\/\/dev.mindfultravelbysara.com\/#website"},"primaryImageOfPage":{"@id":"https:\/\/dev.mindfultravelbysara.com\/en\/advetisers-pr\/#primaryimage"},"image":{"@id":"https:\/\/dev.mindfultravelbysara.com\/en\/advetisers-pr\/#primaryimage"},"thumbnailUrl":"https:\/\/dev.mindfultravelbysara.com\/wp-content\/uploads\/2013\/10\/Never-Stop-Traveling.png","datePublished":"2013-10-30T08:26:05+00:00","dateModified":"2023-05-23T16:22:18+00:00","description":"I can partner with you and help promote sights and destinations that wouldn\u2019t ordinarily be on every traveler's radar.","breadcrumb":{"@id":"https:\/\/dev.mindfultravelbysara.com\/en\/advetisers-pr\/#breadcrumb"},"inLanguage":"en-US","potentialAction":[{"@type":"ReadAction","target":["https:\/\/dev.mindfultravelbysara.com\/en\/advetisers-pr\/"]}]},{"@type":"ImageObject","inLanguage":"en-US","@id":"https:\/\/dev.mindfultravelbysara.com\/en\/advetisers-pr\/#primaryimage","url":"https:\/\/dev.mindfultravelbysara.com\/wp-content\/uploads\/2013\/10\/Never-Stop-Traveling.png","contentUrl":"https:\/\/dev.mindfultravelbysara.com\/wp-content\/uploads\/2013\/10\/Never-Stop-Traveling.png","width":974,"height":649,"caption":"Never Stop Traveling"},{"@type":"BreadcrumbList","@id":"https:\/\/dev.mindfultravelbysara.com\/en\/advetisers-pr\/#breadcrumb","itemListElement":[{"@type":"ListItem","position":1,"name":"Home","item":"https:\/\/dev.mindfultravelbysara.com\/en\/home\/"},{"@type":"ListItem","position":2,"name":"Advetisers &#038; PR"}]},{"@type":"WebSite","@id":"https:\/\/dev.mindfultravelbysara.com\/#website","url":"https:\/\/dev.mindfultravelbysara.com\/","name":"Mindful Travel by Sara","description":"Best travel blog offering inspiration, itineraries, tips, experiences and information regarding destinations around the world.","publisher":{"@id":"https:\/\/dev.mindfultravelbysara.com\/#\/schema\/person\/d138a778e39e980ae083ddac7b4cf278"},"alternateName":"Minful Travel","potentialAction":[{"@type":"SearchAction","target":{"@type":"EntryPoint","urlTemplate":"https:\/\/dev.mindfultravelbysara.com\/?s={search_term_string}"},"query-input":{"@type":"PropertyValueSpecification","valueRequired":true,"valueName":"search_term_string"}}],"inLanguage":"en-US"},{"@type":["Person","Organization"],"@id":"https:\/\/dev.mindfultravelbysara.com\/#\/schema\/person\/d138a778e39e980ae083ddac7b4cf278","name":"Sara Rodriguez","image":{"@type":"ImageObject","inLanguage":"en-US","@id":"https:\/\/dev.mindfultravelbysara.com\/#\/schema\/person\/image\/","url":"https:\/\/dev.mindfultravelbysara.com\/wp-content\/uploads\/2020\/07\/Sara-About-Me.jpg","contentUrl":"https:\/\/dev.mindfultravelbysara.com\/wp-content\/uploads\/2020\/07\/Sara-About-Me.jpg","width":700,"height":699,"caption":"Sara Rodriguez"},"logo":{"@id":"https:\/\/dev.mindfultravelbysara.com\/#\/schema\/person\/image\/"},"description":"Soy Sara, emprendedora, blogger de viajes profesional, y viajera apasionada con una \u00fanica misi\u00f3n: ayudarte a viajar m\u00e1s, disfrutando al m\u00e1ximo de cada momento. En mi blog de viajes encontrar\u00e1s todo lo que necesitas para inspirarte y organizar tu pr\u00f3xima aventura desde cero. Informaci\u00f3n pr\u00e1ctica, gu\u00edas de viaje, consejos, y todas las herramientas que necesitas para que tu pr\u00f3ximo viaje sea inolvidable.","sameAs":["https:\/\/dev.mindfultravelbysara.com","https:\/\/www.facebook.com\/mindfultravel0bysara","https:\/\/www.instagram.com\/mindfultravel\/","https:\/\/www.linkedin.com\/in\/sara-rodriguez-bravo\/","https:\/\/www.pinterest.es\/mindfultravel_\/","https:\/\/x.com\/MindfulTravel_","https:\/\/www.youtube.com\/c\/SaraRodriguezTravel"]}]}},"_links":{"self":[{"href":"https:\/\/dev.mindfultravelbysara.com\/en\/wp-json\/wp\/v2\/pages\/6607","targetHints":{"allow":["GET"]}}],"collection":[{"href":"https:\/\/dev.mindfultravelbysara.com\/en\/wp-json\/wp\/v2\/pages"}],"about":[{"href":"https:\/\/dev.mindfultravelbysara.com\/en\/wp-json\/wp\/v2\/types\/page"}],"author":[{"embeddable":true,"href":"https:\/\/dev.mindfultravelbysara.com\/en\/wp-json\/wp\/v2\/users\/1"}],"replies":[{"embeddable":true,"href":"https:\/\/dev.mindfultravelbysara.com\/en\/wp-json\/wp\/v2\/comments?post=6607"}],"version-history":[{"count":0,"href":"https:\/\/dev.mindfultravelbysara.com\/en\/wp-json\/wp\/v2\/pages\/6607\/revisions"}],"wp:featuredmedia":[{"embeddable":true,"href":"https:\/\/dev.mindfultravelbysara.com\/en\/wp-json\/wp\/v2\/media\/3153"}],"wp:attachment":[{"href":"https:\/\/dev.mindfultravelbysara.com\/en\/wp-json\/wp\/v2\/media?parent=6607"}],"wp:term":[{"taxonomy":"cat-shorts","embeddable":true,"href":"https:\/\/dev.mindfultravelbysara.com\/en\/wp-json\/wp\/v2\/cat-shorts?post=6607"}],"curies":[{"name":"wp","href":"https:\/\/api.w.org\/{rel}","templated":true}]}}