{"id":6611,"date":"2013-11-08T20:20:30","date_gmt":"2013-11-08T19:20:30","guid":{"rendered":"https:\/\/dev.mindfultravelbysara.com\/contact"},"modified":"2024-01-03T20:27:52","modified_gmt":"2024-01-03T18:27:52","slug":"contact","status":"publish","type":"page","link":"https:\/\/dev.mindfultravelbysara.com\/en\/contact\/","title":{"rendered":"Contact"},"content":{"rendered":"<?xml encoding=\"UTF-8\"><h4 style=\"text-align: justify;\"><strong>Have any questions?<\/strong><\/h4><p style=\"text-align: justify;\">Any doubts, questions, need help on your next trip or just want to say hello? I&rsquo;ll be happy to help!<\/p><p style=\"text-align: justify;\">Make sure to check out my <a href=\"https:\/\/dev.mindfultravelbysara.com\/en\/about-me\" target=\"_blank\" rel=\"noopener noreferrer\">About<\/a> page too, as I may have already answered your question in a blog post.<\/p><p style=\"text-align: justify;\"><strong>You can write to mindfultravelbysara (at) gmail.com or fill out the form below.<\/strong><\/p><h4 style=\"text-align: justify;\"><strong>Partnerships &amp; Advertising<\/strong><\/h4><p style=\"text-align: justify;\">Interested in working together to have your brand or destination featured here through a partnership? Please visit my <a href=\"https:\/\/dev.mindfultravelbysara.com\/en\/advetisers-pr\/\">Work With Me<\/a> page first.<\/p><p style=\"text-align: justify;\">\n<\/p><p style=\"text-align: justify;\"><div class=\"su-divider su-divider-style-dotted\" style=\"margin:10px 0;border-width:1px;border-color:#999999\"><\/div><p style=\"text-align: justify;\"><strong>Look forward to hearing from you!<\/strong><\/p><p style=\"text-align: justify;\"><strong>Join thousands of other like-minded travelers and follow Mindful Travel on&nbsp;<a href=\"https:\/\/twitter.com\/MindfulTravel_\" target=\"_blank\" rel=\"noopener noreferrer\" aria-label=\"Visitar p&aacute;gina de Twitter\">Twitter<\/a>, <a href=\"https:\/\/instagram.com\/mindfultravel\/\" target=\"_blank\" rel=\"noopener noreferrer\" aria-label=\"Visitar p&aacute;gina de Instagram\">Instagram<\/a> and <a href=\"https:\/\/www.facebook.com\/mindfultravel0bysara\" target=\"_blank\" rel=\"noopener noreferrer\" aria-label=\"Visitar p&aacute;gina de Facebook\">Facebook<\/a>.<br>\n<\/strong><\/p><div style=\"height:100px\" aria-hidden=\"true\" class=\"wp-block-spacer\"><\/div>\n","protected":false},"excerpt":{"rendered":"<p>Have any questions? Any doubts, questions, need help on your next trip or just want to say hello? I&rsquo;ll be happy to help! Make sure to check out my About page too, as I may have already answered your question in a blog post. You can write to mindfultravelbysara (at) gmail.com or fill out the [&hellip;]<\/p>\n","protected":false},"author":1,"featured_media":3188,"parent":0,"menu_order":0,"comment_status":"closed","ping_status":"closed","template":"wp-custom-template-p-gina-sin-espacio-superior","meta":{"MSN_Categories":"Uncategorized","MSN_Publish_Option":false,"MSN_Is_Local_News":false,"MSN_Is_AIAC_Included":"Empty","MSN_Location":"[]","MSN_Add_Feature_Img_On_Top_Of_Post":false,"MSN_Has_Custom_Author":false,"MSN_Custom_Author":"","MSN_Has_Custom_Canonical_Url":false,"MSN_Custom_Canonical_Url":"","footnotes":""},"cat-shorts":[],"class_list":["post-6611","page","type-page","status-publish","has-post-thumbnail","hentry"],"yoast_head":"<!-- This site is optimized with the Yoast SEO plugin v25.8 - https:\/\/yoast.com\/wordpress\/plugins\/seo\/ -->\n<title>Contact<\/title>\n<meta name=\"description\" content=\"Contact me! if you have any questions, I respond quickly!\" \/>\n<meta name=\"robots\" content=\"noindex, follow, max-snippet:-1, max-image-preview:large, max-video-preview:-1\" \/>\n<meta property=\"og:locale\" content=\"en_US\" \/>\n<meta property=\"og:type\" content=\"article\" \/>\n<meta property=\"og:title\" content=\"Contact\" \/>\n<meta property=\"og:description\" content=\"Contact me! if you have any questions, I respond quickly!\" \/>\n<meta property=\"og:url\" content=\"https:\/\/dev.mindfultravelbysara.com\/en\/contact\/\" \/>\n<meta property=\"og:site_name\" content=\"Mindful Travel by Sara\" \/>\n<meta property=\"article:publisher\" content=\"https:\/\/www.facebook.com\/mindfultravel0bysara\" \/>\n<meta property=\"article:modified_time\" content=\"2024-01-03T18:27:52+00:00\" \/>\n<meta property=\"og:image\" content=\"https:\/\/dev.mindfultravelbysara.com\/wp-content\/uploads\/2013\/11\/Contact.jpg\" \/>\n\t<meta property=\"og:image:width\" content=\"700\" \/>\n\t<meta property=\"og:image:height\" content=\"350\" \/>\n\t<meta property=\"og:image:type\" content=\"image\/jpeg\" \/>\n<meta name=\"twitter:card\" content=\"summary_large_image\" \/>\n<meta name=\"twitter:site\" content=\"@MindfulTravel_\" \/>\n<meta name=\"twitter:label1\" content=\"Est. reading time\" \/>\n\t<meta name=\"twitter:data1\" content=\"1 minute\" \/>\n<!-- \/ Yoast SEO plugin. -->","yoast_head_json":{"title":"Contact","description":"Contact me! if you have any questions, I respond quickly!","robots":{"index":"noindex","follow":"follow","max-snippet":"max-snippet:-1","max-image-preview":"max-image-preview:large","max-video-preview":"max-video-preview:-1"},"og_locale":"en_US","og_type":"article","og_title":"Contact","og_description":"Contact me! if you have any questions, I respond quickly!","og_url":"https:\/\/dev.mindfultravelbysara.com\/en\/contact\/","og_site_name":"Mindful Travel by Sara","article_publisher":"https:\/\/www.facebook.com\/mindfultravel0bysara","article_modified_time":"2024-01-03T18:27:52+00:00","og_image":[{"width":700,"height":350,"url":"https:\/\/dev.mindfultravelbysara.com\/wp-content\/uploads\/2013\/11\/Contact.jpg","type":"image\/jpeg"}],"twitter_card":"summary_large_image","twitter_site":"@MindfulTravel_","twitter_misc":{"Est. reading time":"1 minute"},"schema":{"@context":"https:\/\/schema.org","@graph":[{"@type":"WebPage","@id":"https:\/\/dev.mindfultravelbysara.com\/en\/contact\/","url":"https:\/\/dev.mindfultravelbysara.com\/en\/contact\/","name":"Contact","isPartOf":{"@id":"https:\/\/dev.mindfultravelbysara.com\/#website"},"primaryImageOfPage":{"@id":"https:\/\/dev.mindfultravelbysara.com\/en\/contact\/#primaryimage"},"image":{"@id":"https:\/\/dev.mindfultravelbysara.com\/en\/contact\/#primaryimage"},"thumbnailUrl":"https:\/\/dev.mindfultravelbysara.com\/wp-content\/uploads\/2013\/11\/Contact.jpg","datePublished":"2013-11-08T19:20:30+00:00","dateModified":"2024-01-03T18:27:52+00:00","description":"Contact me! if you have any questions, I respond quickly!","breadcrumb":{"@id":"https:\/\/dev.mindfultravelbysara.com\/en\/contact\/#breadcrumb"},"inLanguage":"en-US","potentialAction":[{"@type":"ReadAction","target":["https:\/\/dev.mindfultravelbysara.com\/en\/contact\/"]}]},{"@type":"ImageObject","inLanguage":"en-US","@id":"https:\/\/dev.mindfultravelbysara.com\/en\/contact\/#primaryimage","url":"https:\/\/dev.mindfultravelbysara.com\/wp-content\/uploads\/2013\/11\/Contact.jpg","contentUrl":"https:\/\/dev.mindfultravelbysara.com\/wp-content\/uploads\/2013\/11\/Contact.jpg","width":700,"height":350,"caption":"Contact"},{"@type":"BreadcrumbList","@id":"https:\/\/dev.mindfultravelbysara.com\/en\/contact\/#breadcrumb","itemListElement":[{"@type":"ListItem","position":1,"name":"Home","item":"https:\/\/dev.mindfultravelbysara.com\/en\/home\/"},{"@type":"ListItem","position":2,"name":"Contact"}]},{"@type":"WebSite","@id":"https:\/\/dev.mindfultravelbysara.com\/#website","url":"https:\/\/dev.mindfultravelbysara.com\/","name":"Mindful Travel by Sara","description":"Best travel blog offering inspiration, itineraries, tips, experiences and information regarding destinations around the world.","publisher":{"@id":"https:\/\/dev.mindfultravelbysara.com\/#\/schema\/person\/d138a778e39e980ae083ddac7b4cf278"},"alternateName":"Minful Travel","potentialAction":[{"@type":"SearchAction","target":{"@type":"EntryPoint","urlTemplate":"https:\/\/dev.mindfultravelbysara.com\/?s={search_term_string}"},"query-input":{"@type":"PropertyValueSpecification","valueRequired":true,"valueName":"search_term_string"}}],"inLanguage":"en-US"},{"@type":["Person","Organization"],"@id":"https:\/\/dev.mindfultravelbysara.com\/#\/schema\/person\/d138a778e39e980ae083ddac7b4cf278","name":"Sara Rodriguez","image":{"@type":"ImageObject","inLanguage":"en-US","@id":"https:\/\/dev.mindfultravelbysara.com\/#\/schema\/person\/image\/","url":"https:\/\/dev.mindfultravelbysara.com\/wp-content\/uploads\/2020\/07\/Sara-About-Me.jpg","contentUrl":"https:\/\/dev.mindfultravelbysara.com\/wp-content\/uploads\/2020\/07\/Sara-About-Me.jpg","width":700,"height":699,"caption":"Sara Rodriguez"},"logo":{"@id":"https:\/\/dev.mindfultravelbysara.com\/#\/schema\/person\/image\/"},"description":"Soy Sara, emprendedora, blogger de viajes profesional, y viajera apasionada con una \u00fanica misi\u00f3n: ayudarte a viajar m\u00e1s, disfrutando al m\u00e1ximo de cada momento. En mi blog de viajes encontrar\u00e1s todo lo que necesitas para inspirarte y organizar tu pr\u00f3xima aventura desde cero. Informaci\u00f3n pr\u00e1ctica, gu\u00edas de viaje, consejos, y todas las herramientas que necesitas para que tu pr\u00f3ximo viaje sea inolvidable.","sameAs":["https:\/\/dev.mindfultravelbysara.com","https:\/\/www.facebook.com\/mindfultravel0bysara","https:\/\/www.instagram.com\/mindfultravel\/","https:\/\/www.linkedin.com\/in\/sara-rodriguez-bravo\/","https:\/\/www.pinterest.es\/mindfultravel_\/","https:\/\/x.com\/MindfulTravel_","https:\/\/www.youtube.com\/c\/SaraRodriguezTravel"]}]}},"_links":{"self":[{"href":"https:\/\/dev.mindfultravelbysara.com\/en\/wp-json\/wp\/v2\/pages\/6611","targetHints":{"allow":["GET"]}}],"collection":[{"href":"https:\/\/dev.mindfultravelbysara.com\/en\/wp-json\/wp\/v2\/pages"}],"about":[{"href":"https:\/\/dev.mindfultravelbysara.com\/en\/wp-json\/wp\/v2\/types\/page"}],"author":[{"embeddable":true,"href":"https:\/\/dev.mindfultravelbysara.com\/en\/wp-json\/wp\/v2\/users\/1"}],"replies":[{"embeddable":true,"href":"https:\/\/dev.mindfultravelbysara.com\/en\/wp-json\/wp\/v2\/comments?post=6611"}],"version-history":[{"count":0,"href":"https:\/\/dev.mindfultravelbysara.com\/en\/wp-json\/wp\/v2\/pages\/6611\/revisions"}],"wp:featuredmedia":[{"embeddable":true,"href":"https:\/\/dev.mindfultravelbysara.com\/en\/wp-json\/wp\/v2\/media\/3188"}],"wp:attachment":[{"href":"https:\/\/dev.mindfultravelbysara.com\/en\/wp-json\/wp\/v2\/media?parent=6611"}],"wp:term":[{"taxonomy":"cat-shorts","embeddable":true,"href":"https:\/\/dev.mindfultravelbysara.com\/en\/wp-json\/wp\/v2\/cat-shorts?post=6611"}],"curies":[{"name":"wp","href":"https:\/\/api.w.org\/{rel}","templated":true}]}}